{"id":1447,"date":"2024-07-14T09:06:58","date_gmt":"2024-07-14T02:06:58","guid":{"rendered":"https:\/\/airnurture.vn\/?post_type=product&#038;p=1447"},"modified":"2025-12-19T10:06:28","modified_gmt":"2025-12-19T03:06:28","slug":"may-cap-khi-tuoi-gan-tuong-airnurture","status":"publish","type":"product","link":"https:\/\/airnurture.vn\/en\/product\/may-cap-khi-tuoi-gan-tuong-airnurture\/","title":{"rendered":"M\u00e1y C\u1ea5p Kh\u00ed T\u01b0\u01a1i G\u1eafn T\u01b0\u1eddng Airnurture UFO"},"content":{"rendered":"<div class=\"mb3\">\n<div class=\"dangerous-html mb3\">\n<p><strong>M\u00f4 t\u1ea3 s\u1ea3n ph\u1ea9m<\/strong><\/p>\n<p>M\u00e1y c\u1ea5p kh\u00ed t\u01b0\u01a1i g\u1eafn t\u01b0\u1eddng Airnurture l\u00e0 gi\u1ea3i ph\u00e1p th\u00f4ng minh gi\u00fap mang lu\u1ed3ng kh\u00f4ng kh\u00ed s\u1ea1ch t\u1eeb ngo\u00e0i tr\u1eddi v\u00e0o trong nh\u00e0, \u0111\u1ed3ng th\u1eddi lo\u1ea1i b\u1ecf kh\u00ed CO\u2082, b\u1ee5i m\u1ecbn v\u00e0 vi khu\u1ea9n. B\u1ed9 thu h\u1ed3i nhi\u1ec7t v\u1edbi t\u1ed5ng di\u1ec7n t\u00edch ti\u1ebfp x\u00fac 70m2 mang l\u1ea1i hi\u1ec7u qu\u1ea3 thu h\u1ed3i nhi\u1ec7t l\u00ean \u0111\u1ebfn 85%. S\u1ea3n ph\u1ea9m \u0111\u01b0\u1ee3c thi\u1ebft k\u1ebf nh\u1ecf g\u1ecdn, hi\u1ec7n \u0111\u1ea1i, ph\u00f9 h\u1ee3p l\u1eafp \u0111\u1eb7t cho c\u0103n h\u1ed9, ph\u00f2ng ng\u1ee7, ph\u00f2ng l\u00e0m vi\u1ec7c, v\u0103n ph\u00f2ng nh\u1ecf v\u00e0 c\u00e1c kh\u00f4ng gian k\u00edn.<\/p>\n<p>\u0110\u01b0\u1ee3c thi\u1ebft k\u1ebf theo ti\u00eau chu\u1ea9n EU hi\u1ec7n \u0111\u1ea1i, Airnurture UFO mang l\u1ea1i hi\u1ec7u qu\u1ea3 cao v\u00e0 ti\u1ebft ki\u1ec7m n\u0103ng l\u01b0\u1ee3ng. S\u1ea3n ph\u1ea9m \u0111\u1ea1t ch\u1ee9ng nh\u1eadn xu\u1ea5t kh\u1ea9u EUv\u00e0 c\u00f3 m\u1eb7t t\u1ea1i h\u01a1n 50 qu\u1ed1c gia tr\u00ean to\u00e0n th\u1ebf gi\u1edbi.<\/p>\n<p><a href=\"https:\/\/airnurture.vn\/wp-content\/uploads\/2024\/07\/81K6AYQTo-L._AC_UF10001000_QL80_.jpg\"><img decoding=\"async\" class=\"alignnone wp-image-2205\" src=\"https:\/\/airnurture.vn\/wp-content\/uploads\/2024\/07\/81K6AYQTo-L._AC_UF10001000_QL80_-300x300.jpg\" alt=\"\" width=\"600\" height=\"600\" srcset=\"https:\/\/airnurture.vn\/wp-content\/uploads\/2024\/07\/81K6AYQTo-L._AC_UF10001000_QL80_-300x300.jpg 300w, https:\/\/airnurture.vn\/wp-content\/uploads\/2024\/07\/81K6AYQTo-L._AC_UF10001000_QL80_-150x150.jpg 150w, https:\/\/airnurture.vn\/wp-content\/uploads\/2024\/07\/81K6AYQTo-L._AC_UF10001000_QL80_-768x768.jpg 768w, https:\/\/airnurture.vn\/wp-content\/uploads\/2024\/07\/81K6AYQTo-L._AC_UF10001000_QL80_-12x12.jpg 12w, https:\/\/airnurture.vn\/wp-content\/uploads\/2024\/07\/81K6AYQTo-L._AC_UF10001000_QL80_-600x600.jpg 600w, https:\/\/airnurture.vn\/wp-content\/uploads\/2024\/07\/81K6AYQTo-L._AC_UF10001000_QL80_-200x200.jpg 200w, https:\/\/airnurture.vn\/wp-content\/uploads\/2024\/07\/81K6AYQTo-L._AC_UF10001000_QL80_-50x50.jpg 50w, https:\/\/airnurture.vn\/wp-content\/uploads\/2024\/07\/81K6AYQTo-L._AC_UF10001000_QL80_-100x100.jpg 100w, https:\/\/airnurture.vn\/wp-content\/uploads\/2024\/07\/81K6AYQTo-L._AC_UF10001000_QL80_-64x64.jpg 64w, https:\/\/airnurture.vn\/wp-content\/uploads\/2024\/07\/81K6AYQTo-L._AC_UF10001000_QL80_.jpg 1000w\" sizes=\"(max-width: 600px) 100vw, 600px\" \/><\/a><\/p>\n<h3 data-start=\"1105\" data-end=\"1119\">\u1ee8ng d\u1ee5ng<\/h3>\n<ul data-start=\"1120\" data-end=\"1295\">\n<li data-start=\"1120\" data-end=\"1158\">\n<p data-start=\"1122\" data-end=\"1158\">C\u0103n h\u1ed9 chung c\u01b0, ph\u00f2ng ng\u1ee7, ph\u00f2ng kh\u00e1ch, v\u0103n ph\u00f2ng.<\/p>\n<\/li>\n<li data-start=\"1212\" data-end=\"1246\">\n<p data-start=\"1214\" data-end=\"1246\">Ph\u00f2ng kh\u00e1ch s\u1ea1n, homestay, spa<\/p>\n<\/li>\n<li data-start=\"1247\" data-end=\"1295\">\n<p data-start=\"1249\" data-end=\"1295\">C\u00e1c kh\u00f4ng gian k\u00edn c\u1ea7n c\u1ea5p kh\u00ed t\u01b0\u01a1i li\u00ean t\u1ee5c<\/p>\n<\/li>\n<\/ul>\n<h3 data-start=\"1302\" data-end=\"1379\">Th\u00f4ng s\u1ed1 k\u1ef9 thu\u1eadt c\u01a1 b\u1ea3n:<\/h3>\n<p><a href=\"https:\/\/airnurture.vn\/wp-content\/uploads\/2024\/07\/Bang-thong-so-chung-may-CKT-Airnurture-1.jpg\"><img decoding=\"async\" class=\"alignnone size-full wp-image-2214\" src=\"https:\/\/airnurture.vn\/wp-content\/uploads\/2024\/07\/Bang-thong-so-chung-may-CKT-Airnurture-1.jpg\" alt=\"\" width=\"675\" height=\"217\" srcset=\"https:\/\/airnurture.vn\/wp-content\/uploads\/2024\/07\/Bang-thong-so-chung-may-CKT-Airnurture-1.jpg 675w, https:\/\/airnurture.vn\/wp-content\/uploads\/2024\/07\/Bang-thong-so-chung-may-CKT-Airnurture-1-300x96.jpg 300w, https:\/\/airnurture.vn\/wp-content\/uploads\/2024\/07\/Bang-thong-so-chung-may-CKT-Airnurture-1-18x6.jpg 18w, https:\/\/airnurture.vn\/wp-content\/uploads\/2024\/07\/Bang-thong-so-chung-may-CKT-Airnurture-1-600x193.jpg 600w, https:\/\/airnurture.vn\/wp-content\/uploads\/2024\/07\/Bang-thong-so-chung-may-CKT-Airnurture-1-64x21.jpg 64w\" sizes=\"(max-width: 675px) 100vw, 675px\" \/><\/a><\/p>\n<ul data-start=\"1380\" data-end=\"1676\">\n<li data-start=\"1380\" data-end=\"1412\">\n<p data-start=\"1382\" data-end=\"1412\">L\u01b0u l\u01b0\u1ee3ng gi\u00f3: 50 \u2013 180 m\u00b3\/h<\/p>\n<\/li>\n<li data-start=\"1413\" data-end=\"1436\">\n<p data-start=\"1415\" data-end=\"1436\">\u0110\u1ed9 \u1ed3n: \u2264 22 dB<\/p>\n<\/li>\n<li data-start=\"1437\" data-end=\"1470\">\n<p data-start=\"1439\" data-end=\"1470\">C\u00f4ng su\u1ea5t ti\u00eau th\u1ee5: 20 \u2013 48 W<\/p>\n<\/li>\n<li data-start=\"1471\" data-end=\"1504\">\n<p data-start=\"1473\" data-end=\"1504\">Di\u1ec7n t\u00edch ph\u00f9 h\u1ee3p: 15 \u2013 40 m\u00b2<\/p>\n<\/li>\n<li data-start=\"1505\" data-end=\"1549\">\n<p data-start=\"1507\" data-end=\"1549\">B\u1ed9 l\u1ecdc: HEPA + Carbon + L\u01b0\u1edbi l\u1ecdc b\u1ee5i th\u00f4 + B\u1ed9 thu h\u1ed3i nhi\u1ec7t<\/p>\n<\/li>\n<li data-start=\"1550\" data-end=\"1598\">\n<p data-start=\"1552\" data-end=\"1598\">Ch\u1ebf \u0111\u1ed9: T\u1ef1 \u0111\u1ed9ng \/ Th\u1ee7 c\u00f4ng \/ Ban \u0111\u00eam (\u00eam \u00e1i)<\/p>\n<\/li>\n<\/ul>\n<p><a href=\"https:\/\/airnurture.vn\/wp-content\/uploads\/2024\/07\/z6949794607640_a21fdac64e2ac0a97c7bed888d2dc4e7-copy.jpg\"><img decoding=\"async\" class=\"alignnone wp-image-2206\" src=\"https:\/\/airnurture.vn\/wp-content\/uploads\/2024\/07\/z6949794607640_a21fdac64e2ac0a97c7bed888d2dc4e7-copy.jpg\" alt=\"\" width=\"630\" height=\"342\" \/><\/a><\/p>\n<p><strong>Th\u00f4ng s\u1ed1 k\u1ef9 thu\u1eadt v\u01b0\u1ee3t tr\u1ed9i so v\u1edbi c\u00e1c s\u1ea3n ph\u1ea9m c\u00f9ng ph\u00e2n kh\u00fac.<\/strong><\/p>\n<p><a href=\"https:\/\/airnurture.vn\/wp-content\/uploads\/2024\/07\/Anh-man-hinh-2025-12-19-luc-10.04.45.png\"><img decoding=\"async\" class=\"alignnone wp-image-2383\" src=\"https:\/\/airnurture.vn\/wp-content\/uploads\/2024\/07\/Anh-man-hinh-2025-12-19-luc-10.04.45-1024x373.png\" alt=\"\" width=\"600\" height=\"219\" srcset=\"https:\/\/airnurture.vn\/wp-content\/uploads\/2024\/07\/Anh-man-hinh-2025-12-19-luc-10.04.45-1024x373.png 1024w, https:\/\/airnurture.vn\/wp-content\/uploads\/2024\/07\/Anh-man-hinh-2025-12-19-luc-10.04.45-300x109.png 300w, https:\/\/airnurture.vn\/wp-content\/uploads\/2024\/07\/Anh-man-hinh-2025-12-19-luc-10.04.45-768x280.png 768w, https:\/\/airnurture.vn\/wp-content\/uploads\/2024\/07\/Anh-man-hinh-2025-12-19-luc-10.04.45-18x7.png 18w, https:\/\/airnurture.vn\/wp-content\/uploads\/2024\/07\/Anh-man-hinh-2025-12-19-luc-10.04.45-600x219.png 600w, https:\/\/airnurture.vn\/wp-content\/uploads\/2024\/07\/Anh-man-hinh-2025-12-19-luc-10.04.45-64x23.png 64w, https:\/\/airnurture.vn\/wp-content\/uploads\/2024\/07\/Anh-man-hinh-2025-12-19-luc-10.04.45.png 1296w\" sizes=\"(max-width: 600px) 100vw, 600px\" \/><\/a><\/p>\n<p>&nbsp;<\/p>\n<p>M\u00e1y \u0111\u01b0\u1ee3c l\u1eafp \u0111\u1eb7t t\u1eadn n\u01a1i k\u00e8m b\u1ea3o h\u00e0nh ch\u00ednh h\u00e3ng 5 n\u0103m.<\/p>\n<\/div>\n<\/div>","protected":false},"excerpt":{"rendered":"<h3 data-start=\"628\" data-end=\"651\">T\u00ednh n\u0103ng n\u1ed5i b\u1eadt<\/h3>\n<p data-start=\"652\" data-end=\"1098\">\u2705 <strong data-start=\"654\" data-end=\"680\">L\u1ecdc s\u1ea1ch b\u1ee5i m\u1ecbn PM2.5<\/strong> nh\u1edd b\u1ed9 l\u1ecdc nhi\u1ec1u l\u1edbp hi\u1ec7u su\u1ea5t cao<br data-start=\"715\" data-end=\"718\" \/>\u2705 <strong data-start=\"720\" data-end=\"745\">Cung c\u1ea5p oxy li\u00ean t\u1ee5c<\/strong>, lo\u1ea1i b\u1ecf kh\u00ed CO\u2082 v\u00e0 m\u00f9i h\u00f4i kh\u00f3 ch\u1ecbu<br data-start=\"782\" data-end=\"785\" \/>\u2705 <strong data-start=\"787\" data-end=\"805\">V\u1eadn h\u00e0nh \u00eam \u00e1i<\/strong>, \u0111\u1ed9 \u1ed3n th\u1ea5p d\u01b0\u1edbi 22 dB, kh\u00f4ng \u1ea3nh h\u01b0\u1edfng \u0111\u1ebfn gi\u1ea5c ng\u1ee7 v\u00e0 sinh ho\u1ea1t<br data-start=\"860\" data-end=\"863\" \/>\u2705 <strong data-start=\"865\" data-end=\"888\">Ti\u1ebft ki\u1ec7m \u0111i\u1ec7n n\u0103ng<\/strong> v\u1edbi c\u00f4ng ngh\u1ec7 qu\u1ea1t DC hi\u1ec7n \u0111\u1ea1i<br data-start=\"919\" data-end=\"922\" \/>\u2705 <strong data-start=\"924\" data-end=\"956\">Thi\u1ebft k\u1ebf treo t\u01b0\u1eddng g\u1ecdn g\u00e0ng<\/strong>, d\u1ec5 d\u00e0ng l\u1eafp \u0111\u1eb7t, kh\u00f4ng chi\u1ebfm di\u1ec7n t\u00edch<br data-start=\"996\" data-end=\"999\" \/>\u2705 <strong data-start=\"1001\" data-end=\"1027\">B\u1ea3o v\u1ec7 s\u1ee9c kh\u1ecfe h\u00f4 h\u1ea5p<\/strong>, \u0111\u1eb7c bi\u1ec7t cho tr\u1ebb nh\u1ecf, ng\u01b0\u1eddi l\u1edbn tu\u1ed5i, ng\u01b0\u1eddi c\u00f3 b\u1ec7nh v\u1ec1 \u0111\u01b0\u1eddng h\u00f4 h\u1ea5p<\/p>","protected":false},"featured_media":2364,"comment_status":"open","ping_status":"closed","template":"","meta":[],"product_brand":[],"product_cat":[16],"product_tag":[],"class_list":{"0":"post-1447","1":"product","2":"type-product","3":"status-publish","4":"has-post-thumbnail","6":"product_cat-may-cap-khi-tuoi-can-ho","8":"first","9":"instock","10":"featured","11":"shipping-taxable","12":"purchasable","13":"product-type-simple"},"_links":{"self":[{"href":"https:\/\/airnurture.vn\/en\/wp-json\/wp\/v2\/product\/1447","targetHints":{"allow":["GET"]}}],"collection":[{"href":"https:\/\/airnurture.vn\/en\/wp-json\/wp\/v2\/product"}],"about":[{"href":"https:\/\/airnurture.vn\/en\/wp-json\/wp\/v2\/types\/product"}],"replies":[{"embeddable":true,"href":"https:\/\/airnurture.vn\/en\/wp-json\/wp\/v2\/comments?post=1447"}],"wp:featuredmedia":[{"embeddable":true,"href":"https:\/\/airnurture.vn\/en\/wp-json\/wp\/v2\/media\/2364"}],"wp:attachment":[{"href":"https:\/\/airnurture.vn\/en\/wp-json\/wp\/v2\/media?parent=1447"}],"wp:term":[{"taxonomy":"product_brand","embeddable":true,"href":"https:\/\/airnurture.vn\/en\/wp-json\/wp\/v2\/product_brand?post=1447"},{"taxonomy":"product_cat","embeddable":true,"href":"https:\/\/airnurture.vn\/en\/wp-json\/wp\/v2\/product_cat?post=1447"},{"taxonomy":"product_tag","embeddable":true,"href":"https:\/\/airnurture.vn\/en\/wp-json\/wp\/v2\/product_tag?post=1447"}],"curies":[{"name":"wp","href":"https:\/\/api.w.org\/{rel}","templated":true}]}}