{"id":14,"date":"2024-05-14T02:17:54","date_gmt":"2024-05-14T02:17:54","guid":{"rendered":"https:\/\/airnurture.vn\/?page_id=14"},"modified":"2024-06-13T08:29:51","modified_gmt":"2024-06-13T01:29:51","slug":"chinh-sach-bao-hanh","status":"publish","type":"page","link":"https:\/\/airnurture.vn\/en\/chinh-sach-bao-hanh\/","title":{"rendered":"Warranty Policy"},"content":{"rendered":"<div data-elementor-type=\"wp-page\" data-elementor-id=\"14\" class=\"elementor elementor-14\">\n\t\t\t\t\t\t\t\t\t<section class=\"elementor-section elementor-top-section elementor-element elementor-element-dd0a438 elementor-section-height-min-height elementor-section-boxed elementor-section-height-default elementor-section-items-middle\" data-id=\"dd0a438\" data-element_type=\"section\" data-settings=\"{&quot;background_background&quot;:&quot;classic&quot;}\">\n\t\t\t\t\t\t<div class=\"elementor-container elementor-column-gap-default\">\n\t\t\t\t\t<div class=\"elementor-column elementor-col-100 elementor-top-column elementor-element elementor-element-26b127a\" data-id=\"26b127a\" data-element_type=\"column\">\n\t\t\t<div class=\"elementor-widget-wrap elementor-element-populated\">\n\t\t\t\t\t\t\t\t\t<\/div>\n\t\t<\/div>\n\t\t\t\t\t\t\t<\/div>\n\t\t<\/section>\n\t\t\t\t<section class=\"elementor-section elementor-top-section elementor-element elementor-element-f26ee4b elementor-section-boxed elementor-section-height-default elementor-section-height-default\" data-id=\"f26ee4b\" data-element_type=\"section\">\n\t\t\t\t\t\t<div class=\"elementor-container elementor-column-gap-default\">\n\t\t\t\t\t<div class=\"elementor-column elementor-col-100 elementor-top-column elementor-element elementor-element-5f916b1\" data-id=\"5f916b1\" data-element_type=\"column\">\n\t\t\t<div class=\"elementor-widget-wrap elementor-element-populated\">\n\t\t\t\t\t\t\t\t<div class=\"elementor-element elementor-element-220e651 elementor-widget elementor-widget-heading\" data-id=\"220e651\" data-element_type=\"widget\" data-widget_type=\"heading.default\">\n\t\t\t\t<div class=\"elementor-widget-container\">\n\t\t\t<style>\/*! elementor - v3.10.2 - 29-01-2023 *\/\n.elementor-heading-title{padding:0;margin:0;line-height:1}.elementor-widget-heading .elementor-heading-title[class*=elementor-size-]>a{color:inherit;font-size:inherit;line-height:inherit}.elementor-widget-heading .elementor-heading-title.elementor-size-small{font-size:15px}.elementor-widget-heading .elementor-heading-title.elementor-size-medium{font-size:19px}.elementor-widget-heading .elementor-heading-title.elementor-size-large{font-size:29px}.elementor-widget-heading .elementor-heading-title.elementor-size-xl{font-size:39px}.elementor-widget-heading .elementor-heading-title.elementor-size-xxl{font-size:59px}<\/style><h2 class=\"elementor-heading-title elementor-size-default\">CHAIRVIET - CH\u00cdNH S\u00c1CH B\u1ea2O H\u00c0NH<\/h2>\t\t<\/div>\n\t\t\t\t<\/div>\n\t\t\t\t<div class=\"elementor-element elementor-element-dda4614 elementor-widget elementor-widget-text-editor\" data-id=\"dda4614\" data-element_type=\"widget\" data-widget_type=\"text-editor.default\">\n\t\t\t\t<div class=\"elementor-widget-container\">\n\t\t\t<style>\/*! elementor - v3.10.2 - 29-01-2023 *\/\n.elementor-widget-text-editor.elementor-drop-cap-view-stacked .elementor-drop-cap{background-color:#818a91;color:#fff}.elementor-widget-text-editor.elementor-drop-cap-view-framed .elementor-drop-cap{color:#818a91;border:3px solid;background-color:transparent}.elementor-widget-text-editor:not(.elementor-drop-cap-view-default) .elementor-drop-cap{margin-top:8px}.elementor-widget-text-editor:not(.elementor-drop-cap-view-default) .elementor-drop-cap-letter{width:1em;height:1em}.elementor-widget-text-editor .elementor-drop-cap{float:left;text-align:center;line-height:1;font-size:50px}.elementor-widget-text-editor .elementor-drop-cap-letter{display:inline-block}<\/style>\t\t\t\t<header class=\"entry-header\">\n<h1 class=\"entry-title mb uppercase\"><span style=\"font-size: 16px;\">Ch\u1ea5t l\u01b0\u1ee3ng v\u00e0 uy t\u00edn l\u00e0 vang, v\u00ec th\u1ebf Chairviet lu\u00f4n \u0111\u1ed3ng h\u00e0nh b\u00ean b\u1ea1n. Trong th\u1eddi gian s\u1eed d\u1ee5ng n\u1ebfu g\u1eb7p b\u1ea5t k\u1ef3 tr\u1ee5c tr\u1eb7c, l\u1ed7i n\u00e0o do ng\u01b0\u1eddi s\u1eed d\u1ee5ng. Qu\u00fd kh\u00e1ch h\u00e3y li\u00ean h\u1ec7 tr\u1ef1c ti\u1ebfp v\u1edbi trung t\u00e2m ch\u0103m s\u00f3c kh\u00e1ch h\u00e0ng c\u1ee7a Chairviet ho\u1eb7c \u0111\u1ea7u m\u1ed1i h\u1ed7 tr\u1ee3 k\u1ef9 thu\u1eadt c\u1ee7a \u0110\u01a1n v\u1ecb cung c\u1ea5p s\u1ea3n ph\u1ea9m Chairviet \u0111\u1ec3 \u0111\u01b0\u1ee3c tr\u1ee3 gi\u00fap.<\/span><\/h1>\n<\/header>\n<p><strong><u>Guarantee<\/u><\/strong><\/p>\n<p>\u2013&nbsp;&nbsp;&nbsp;&nbsp; B\u1ea3o h\u00e0nh s\u1ea3n ph\u1ea9m l\u00e0: Kh\u1eafc ph\u1ee5c l\u1ed7i h\u1ecfng h\u00f3c, s\u1ef1 c\u1ed1 x\u1ea3y ra do l\u1ed7i c\u1ee7a nh\u00e0 s\u1ea3n xu\u1ea5t.<\/p>\n<p><strong><u>Warranty regulations<\/u><\/strong><\/p>\n<p>\u2013&nbsp;&nbsp;&nbsp;&nbsp; S\u1ea3n ph\u1ea9m \u0111\u01b0\u1ee3c b\u1ea3o h\u00e0nh mi\u1ec5n ph\u00ed n\u1ebfu s\u1ea3n ph\u1ea9m \u0111\u00f3 c\u00f2n th\u1eddi h\u1ea1n b\u1ea3o h\u00e0nh. (06 th\u00e1ng k\u1ec3 t\u1eeb ng\u00e0y giao h\u00e0ng)<\/p>\n<p>\u2013&nbsp;&nbsp;&nbsp;&nbsp; Th\u1eddi h\u1ea1n b\u1ea3o h\u00e0nh \u0111\u01b0\u1ee3c ghi tr\u00ean Phi\u1ebfu B\u1ea3o H\u00e0nh v\u00e0 theo quy \u0111\u1ecbnh c\u1ee7a t\u1eebng chi ti\u1ebft \u0111\u1ed1i v\u1edbi t\u1ea5t c\u1ea3 c\u00e1c s\u1ef1 c\u1ed1 v\u1ec1 m\u1eb7t k\u1ef9 thu\u1eadt c\u1ee7a s\u1ea3n ph\u1ea9m.<\/p>\n<p>\u2013&nbsp;&nbsp;&nbsp;&nbsp; C\u00f3 phi\u1ebfu b\u1ea3o h\u00e0nh v\u00e0 tem b\u1ea3o h\u00e0nh h\u1ee3p l\u1ec7 c\u1ee7a Chairviet.<\/p>\n<p><strong><u>Cases not covered by warranty<\/u><\/strong><\/p>\n<p>\u2013&nbsp;&nbsp;&nbsp;&nbsp; S\u1ea3n ph\u1ea9m \u0111\u00e3 qu\u00e1 h\u1ea1n b\u1ea3o h\u00e0nh ghi tr\u00ean phi\u1ebfu ho\u1eb7c m\u1ea5t Phi\u1ebfu B\u1ea3o H\u00e0nh.<\/p>\n<p>\u2013&nbsp;&nbsp;&nbsp;&nbsp; Tem ni\u00eam phong b\u1ea3o h\u00e0nh b\u1ecb r\u00e1ch, v\u1ee1, b\u1ecb d\u00e1n \u0111\u00e8 ho\u1eb7c s\u1eeda \u0111\u1ed5i, t\u1ea9y x\u00f3a.<\/p>\n<p>\u2013&nbsp;&nbsp;&nbsp;&nbsp; Phi\u1ebfu b\u1ea3o h\u00e0nh kh\u00f4ng ghi r\u00f5 s\u1ed1 Serial v\u00e0 ng\u00e0y mua s\u1ea3n ph\u1ea9m.<\/p>\n<p>\u2013&nbsp;&nbsp;&nbsp;&nbsp; S\u1ea3n ph\u1ea9m c\u00f3 d\u1ea5u hi\u1ec7u h\u01b0 h\u1ecfng do chu\u1ed9t b\u1ecd ho\u1eb7c c\u00f4n tr\u00f9ng x\u00e2m nh\u1eadp.<\/p>\n<p><strong><u>Warranty and maintenance location<\/u><\/strong><\/p>\n<p>\u2013 N\u1ebfu trong h\u1ee3p \u0111\u1ed3ng, bi\u00ean b\u1ea3n b\u00e0n giao, phi\u1ebfu b\u1ea3o h\u00e0nh kh\u00f4ng ghi th\u1ecfa thu\u1eadn t\u1ea1i \u0111\u1ecba ch\u1ec9 kh\u00e1ch h\u00e0ng \u0111\u00e3 k\u00fd, th\u00ec t\u1ea5t c\u1ea3 c\u00e1c s\u1ea3n ph\u1ea9m \u0111\u1ec1u \u0111\u01b0\u1ee3c b\u1ea3o h\u00e0nh t\u1ea1i Trung t\u00e2m b\u1ea3o h\u00e0nh c\u1ee7a Chairviet. Nh\u00e2n vi\u00ean c\u00f4ng ty s\u1ebd h\u01b0\u1edbng d\u1eabn Qu\u00fd kh\u00e1ch h\u00e0ng \u0111\u1ebfn \u0111i\u1ec3m b\u1ea3o h\u00e0nh ho\u1eb7c \u0110\u1ecba \u0111i\u1ec3m b\u1ea3o h\u00e0ng c\u1ee7a \u0111\u01a1n v\u1ecb cung c\u1ea5p s\u1ea3n ph\u1ea9m Chairviet g\u1ea7n n\u01a1i qu\u00fd kh\u00e1ch \u0111\u1ec3 \u0111\u01b0\u1ee3c b\u1ea3o h\u00e0nh s\u1ea3n ph\u1ea9m.<\/p>\n<p>Note:<\/p>\n<p>\u2013&nbsp; &nbsp; &nbsp;Chairviet kh\u00f4ng h\u1ed7 tr\u1ee3 chi ph\u00ed v\u1eadn chuy\u1ec3n v\u00e0 giao h\u00e0ng khi b\u1ea3o h\u00e0nh.<\/p>\t\t\t\t\t\t<\/div>\n\t\t\t\t<\/div>\n\t\t\t\t\t<\/div>\n\t\t<\/div>\n\t\t\t\t\t\t\t<\/div>\n\t\t<\/section>\n\t\t\t\t\t\t\t<\/div>","protected":false},"excerpt":{"rendered":"<p>CHAIRVIET &#8211; CH\u00cdNH S\u00c1CH B\u1ea2O H\u00c0NH Ch\u1ea5t l\u01b0\u1ee3ng v\u00e0 uy t\u00edn l\u00e0 vang, v\u00ec th\u1ebf Chairviet lu\u00f4n \u0111\u1ed3ng h\u00e0nh b\u00ean b\u1ea1n. Trong th\u1eddi gian s\u1eed d\u1ee5ng n\u1ebfu g\u1eb7p b\u1ea5t k\u1ef3 tr\u1ee5c tr\u1eb7c, l\u1ed7i n\u00e0o do ng\u01b0\u1eddi s\u1eed d\u1ee5ng. Qu\u00fd kh\u00e1ch h\u00e3y li\u00ean h\u1ec7 tr\u1ef1c ti\u1ebfp v\u1edbi trung t\u00e2m ch\u0103m s\u00f3c kh\u00e1ch h\u00e0ng c\u1ee7a Chairviet ho\u1eb7c [&hellip;]<\/p>","protected":false},"author":2,"featured_media":0,"parent":0,"menu_order":0,"comment_status":"closed","ping_status":"closed","template":"","meta":{"footnotes":""},"class_list":["post-14","page","type-page","status-publish","hentry"],"_links":{"self":[{"href":"https:\/\/airnurture.vn\/en\/wp-json\/wp\/v2\/pages\/14","targetHints":{"allow":["GET"]}}],"collection":[{"href":"https:\/\/airnurture.vn\/en\/wp-json\/wp\/v2\/pages"}],"about":[{"href":"https:\/\/airnurture.vn\/en\/wp-json\/wp\/v2\/types\/page"}],"author":[{"embeddable":true,"href":"https:\/\/airnurture.vn\/en\/wp-json\/wp\/v2\/users\/2"}],"replies":[{"embeddable":true,"href":"https:\/\/airnurture.vn\/en\/wp-json\/wp\/v2\/comments?post=14"}],"version-history":[{"count":0,"href":"https:\/\/airnurture.vn\/en\/wp-json\/wp\/v2\/pages\/14\/revisions"}],"wp:attachment":[{"href":"https:\/\/airnurture.vn\/en\/wp-json\/wp\/v2\/media?parent=14"}],"curies":[{"name":"wp","href":"https:\/\/api.w.org\/{rel}","templated":true}]}}